{"id":20,"date":"2022-11-23T11:37:41","date_gmt":"2022-11-23T11:37:41","guid":{"rendered":"https:\/\/turnen-hagenbach.de\/?page_id=20"},"modified":"2026-03-17T13:00:25","modified_gmt":"2026-03-17T13:00:25","slug":"team","status":"publish","type":"page","link":"https:\/\/turnen-hagenbach.de\/?page_id=20","title":{"rendered":"Kinder- und Jugendturnen"},"content":{"rendered":"\n<p class=\"has-text-align-left\">Die Kindergruppen haben gro\u00dfen Zuspruch. Es zeigt, wie gerne Kinder in unseren Turn-Gruppen ihre sportlichen Leistungen verbessern und ihren &#8222;nat\u00fcrlichen Bewegungsdrang ausleben&#8220;. Leider sind diese Pl\u00e4tze aber aufgrund personeller und r\u00e4umlicher Gegebenheiten begrenzt.<\/p>\n\n\n\n<p>Die &#8222;<strong>Eltern-Kind-Gruppe<\/strong>&#8220; kann derzeit keine neuen Kinder aufnehmen, deshalb bitte keine Anfragen \u00fcber die Email-Adresse oder an die \u00dcbungsleiterin stellen. Pl\u00e4tze gibt es erfahrungsgem\u00e4\u00df zu Beginn der Sommerferien, wenn die Kinder in h\u00f6here Altersgruppen wechseln. Dann k\u00f6nnen gerne wieder Anmeldungen erfolgen. Wir werden Sie rechtzeitig \u00fcber den Zeitpunkt informieren. Vielen Dank<\/p>\n\n\n\n<p><strong>Alle restlichen Kinder-Turngruppen<\/strong> haben \u00fcberwiegend die H\u00f6chstzahl an Teilnehmern erreicht, allerdings ergeben sich hier durchaus w\u00e4hrend des Jahres \u00f6fters Wechsel und freie Pl\u00e4tze. <\/p>\n\n\n\n<p><strong>Es ist empfehlenswert, dass Eltern und Kinder direkt zu den angegebenen Trainingszeiten in der gro\u00dfen Sporthalle vorbeischauen und mit dem \u00dcbungsleiterInnen reden. <\/strong><\/p>\n\n\n\n<p><\/p>\n\n\n\n<h2 class=\"has-text-align-center\">Eltern und Kind<\/h2>\n\n\n\n<p class=\"has-text-align-center\">Donnerstags 15:30 &#8211; 16:30 Uhr<\/p>\n\n\n\n<p class=\"has-text-align-center\">Wir haben aktuell leider keine freien Pl\u00e4tze!<\/p>\n\n\n\n<ul>\n<li>Kinder ab 2 Jahren<\/li>\n\n\n\n<li>mit Begleitperson<\/li>\n<\/ul>\n\n\n\n<p class=\"has-text-align-center\">Trainer: Lisa Hock<\/p>\n\n\n\n<h2 class=\"has-text-align-center\">Kleinkinder<\/h2>\n\n\n\n<p class=\"has-text-align-center\">Dienstags 17 &#8211; 18 Uhr<\/p>\n\n\n\n<p class=\"has-text-align-center\">Anfragen bitte direkt <strong>zu den Turnstunden<\/strong><\/p>\n\n\n\n<ul>\n<li>M\u00e4dchen und Jungen ab 4 Jahren<\/li>\n\n\n\n<li>ohne Begleitperson<\/li>\n<\/ul>\n\n\n\n<p class=\"has-text-align-center\">Trainer: Lena Meyer &#8211; Leonie von Klaeden &#8211; Lilli Theilmann<\/p>\n\n\n\n<h2 class=\"has-text-align-center\">M\u00e4dchen 1. &#8211; 2. Klasse<\/h2>\n\n\n\n<p class=\"has-text-align-center\">Dienstags 17 &#8211; 18:15 Uhr<\/p>\n\n\n\n<p class=\"has-text-align-center\">Anfragen bitte direkt <strong>zu den Turnstunden<\/strong><\/p>\n\n\n\n<p class=\"has-text-align-center\">Trainer: Antonia Pfirrmann &#8211; Merle Sollinger<\/p>\n\n\n\n<h2 class=\"has-text-align-center\">M\u00e4dchen 3. &#8211; 4. Klasse<\/h2>\n\n\n\n<p class=\"has-text-align-center\">Dienstags 17 &#8211; 18:15 Uhr<\/p>\n\n\n\n<p class=\"has-text-align-center\">Anfragen bitte direkt <strong>zu den Turnstunden<\/strong><\/p>\n\n\n\n<p class=\"has-text-align-center\">Trainer: Simone Heilmann  &#8211; Renate von H\u00f6ren Fischer<\/p>\n\n\n\n<h2 class=\"has-text-align-center\">M\u00e4dchen ab 5. Klasse<\/h2>\n\n\n\n<p class=\"has-text-align-center\">Dienstags 18:15 &#8211; 20 Uhr<\/p>\n\n\n\n<p class=\"has-text-align-center\">Anfragen bitte direkt<strong> zu den Turnstunden<\/strong><\/p>\n\n\n\n<p class=\"has-text-align-center\">Trainer: Simone Heilmann &#8211; Jana B\u00f6ringer &#8211; Diana Will<\/p>\n\n\n\n<h2 class=\"has-text-align-center\">Jungen 1. &#8211; 4. Klasse<\/h2>\n\n\n\n<p class=\"has-text-align-center\">Donnerstags 17 &#8211; 18 Uhr<\/p>\n\n\n\n<p class=\"has-text-align-center\">Anfragen bitte direkt <strong>zu den Turnstunden<\/strong><\/p>\n\n\n\n<p class=\"has-text-align-center\">Trainer: Nadine Heinrich &#8211; Finn Heinrich<\/p>\n\n\n\n<h2 class=\"has-text-align-center\">Jungen Aufbaugruppe<\/h2>\n\n\n\n<p class=\"has-text-align-center\">Donnerstags 18 &#8211; 19 Uhr<\/p>\n\n\n\n<p class=\"has-text-align-center\">Wir haben aktuell leider keine freien Pl\u00e4tze!<\/p>\n\n\n\n<p class=\"has-text-align-center\">Trainer: Nadine Heinrich &#8211; Finn Heinrich<\/p>\n\n\n\n<h2 class=\"has-text-align-center\">Trampolin<\/h2>\n\n\n\n<p class=\"has-text-align-center\">Dienstags 16:30 &#8211; 19:00 Uhr<br><br>Anfragen bitte direkt zu den <strong>Turnstunden<\/strong><\/p>\n\n\n\n<ul>\n<li>Einstiegsalter: 6 Jahre<\/li>\n\n\n\n<li>Heranf\u00fchren und Kontakt mit dem Gro\u00dftrampolin<\/li>\n\n\n\n<li>verschiedene Spielformen<\/li>\n\n\n\n<li>Standartspr\u00fcnge bis hin zu Wettkampf \u00dcbungen auf dem Gro\u00dftrampolin<\/li>\n<\/ul>\n\n\n\n<p class=\"has-text-align-center\">Trainer: Reinhold Richter- <br>Christina Richter &#8211; Lena Hecht<\/p>\n\n\n<div class=\"wp-block-image\">\n<figure class=\"aligncenter size-large is-resized\"><img decoding=\"async\" loading=\"lazy\" src=\"https:\/\/turnen-hagenbach.de\/wp-content\/uploads\/2022\/11\/TVH-Turnen-Logo-1438x1438-96dpi-1024x1024.png\" alt=\"\" class=\"wp-image-33\" width=\"256\" height=\"256\" srcset=\"https:\/\/turnen-hagenbach.de\/wp-content\/uploads\/2022\/11\/TVH-Turnen-Logo-1438x1438-96dpi-1024x1024.png 1024w, https:\/\/turnen-hagenbach.de\/wp-content\/uploads\/2022\/11\/TVH-Turnen-Logo-1438x1438-96dpi-300x300.png 300w, https:\/\/turnen-hagenbach.de\/wp-content\/uploads\/2022\/11\/TVH-Turnen-Logo-1438x1438-96dpi-150x150.png 150w, https:\/\/turnen-hagenbach.de\/wp-content\/uploads\/2022\/11\/TVH-Turnen-Logo-1438x1438-96dpi-768x768.png 768w, https:\/\/turnen-hagenbach.de\/wp-content\/uploads\/2022\/11\/TVH-Turnen-Logo-1438x1438-96dpi-1200x1200.png 1200w, https:\/\/turnen-hagenbach.de\/wp-content\/uploads\/2022\/11\/TVH-Turnen-Logo-1438x1438-96dpi.png 1438w\" sizes=\"(max-width: 256px) 100vw, 256px\" \/><\/figure><\/div>\n\n\n<p><\/p>\n","protected":false},"excerpt":{"rendered":"<p>Die Kindergruppen haben gro\u00dfen Zuspruch. Es zeigt, wie gerne Kinder in unseren Turn-Gruppen ihre sportlichen Leistungen verbessern und ihren &#8222;nat\u00fcrlichen Bewegungsdrang ausleben&#8220;. Leider sind diese Pl\u00e4tze aber aufgrund personeller und r\u00e4umlicher Gegebenheiten begrenzt. Die &#8222;Eltern-Kind-Gruppe&#8220; kann derzeit keine neuen Kinder aufnehmen, deshalb bitte keine Anfragen \u00fcber die Email-Adresse oder an die \u00dcbungsleiterin stellen. Pl\u00e4tze gibt [&hellip;]<\/p>\n","protected":false},"author":1,"featured_media":0,"parent":0,"menu_order":0,"comment_status":"closed","ping_status":"closed","template":"","meta":[],"_links":{"self":[{"href":"https:\/\/turnen-hagenbach.de\/index.php?rest_route=\/wp\/v2\/pages\/20"}],"collection":[{"href":"https:\/\/turnen-hagenbach.de\/index.php?rest_route=\/wp\/v2\/pages"}],"about":[{"href":"https:\/\/turnen-hagenbach.de\/index.php?rest_route=\/wp\/v2\/types\/page"}],"author":[{"embeddable":true,"href":"https:\/\/turnen-hagenbach.de\/index.php?rest_route=\/wp\/v2\/users\/1"}],"replies":[{"embeddable":true,"href":"https:\/\/turnen-hagenbach.de\/index.php?rest_route=%2Fwp%2Fv2%2Fcomments&post=20"}],"version-history":[{"count":33,"href":"https:\/\/turnen-hagenbach.de\/index.php?rest_route=\/wp\/v2\/pages\/20\/revisions"}],"predecessor-version":[{"id":202,"href":"https:\/\/turnen-hagenbach.de\/index.php?rest_route=\/wp\/v2\/pages\/20\/revisions\/202"}],"wp:attachment":[{"href":"https:\/\/turnen-hagenbach.de\/index.php?rest_route=%2Fwp%2Fv2%2Fmedia&parent=20"}],"curies":[{"name":"wp","href":"https:\/\/api.w.org\/{rel}","templated":true}]}}